{"id":783,"date":"2023-11-13T08:55:21","date_gmt":"2023-11-13T08:55:21","guid":{"rendered":"https:\/\/adrajobscenter.org\/?page_id=783"},"modified":"2023-12-03T20:53:19","modified_gmt":"2023-12-03T20:53:19","slug":"english-courses","status":"publish","type":"page","link":"https:\/\/adrajobscenter.org\/fr\/english-courses\/","title":{"rendered":"Cours d&#039;anglais"},"content":{"rendered":"<div data-elementor-type=\"wp-page\" data-elementor-id=\"783\" class=\"elementor elementor-783\">\n\t\t\t\t\t\t<section class=\"elementor-section elementor-top-section elementor-element elementor-element-d6517ff elementor-section-stretched elementor-section-boxed elementor-section-height-default elementor-section-height-default\" data-id=\"d6517ff\" data-element_type=\"section\" data-settings=\"{&quot;background_background&quot;:&quot;classic&quot;,&quot;stretch_section&quot;:&quot;section-stretched&quot;}\">\n\t\t\t\t\t\t\t<div class=\"elementor-background-overlay\"><\/div>\n\t\t\t\t\t\t\t<div class=\"elementor-container elementor-column-gap-default\">\n\t\t\t\t\t<div class=\"elementor-column elementor-col-100 elementor-top-column elementor-element elementor-element-686dd47a\" data-id=\"686dd47a\" data-element_type=\"column\">\n\t\t\t<div class=\"elementor-widget-wrap elementor-element-populated\">\n\t\t\t\t\t\t<div class=\"elementor-element elementor-element-351f6e71 elementor-widget elementor-widget-elementskit-heading\" data-id=\"351f6e71\" data-element_type=\"widget\" data-widget_type=\"elementskit-heading.default\">\n\t\t\t\t<div class=\"elementor-widget-container\">\n\t\t\t\t\t<div class=\"ekit-wid-con\" ><div class=\"ekit-heading elementskit-section-title-wraper center   ekit_heading_tablet-   ekit_heading_mobile-\"><h2 class=\"ekit-heading--title elementskit-section-title\">Cours d&#039;anglais<\/h2><\/div><\/div>\t\t\t\t<\/div>\n\t\t\t\t<\/div>\n\t\t\t\t\t<\/div>\n\t\t<\/div>\n\t\t\t\t\t<\/div>\n\t\t<\/section>\n\t\t\t\t<section class=\"elementor-section elementor-top-section elementor-element elementor-element-2e2c790f elementor-section-stretched elementor-section-boxed elementor-section-height-default elementor-section-height-default\" data-id=\"2e2c790f\" data-element_type=\"section\" data-settings=\"{&quot;stretch_section&quot;:&quot;section-stretched&quot;,&quot;background_background&quot;:&quot;classic&quot;}\">\n\t\t\t\t\t\t<div class=\"elementor-container elementor-column-gap-default\">\n\t\t\t\t\t<div class=\"elementor-column elementor-col-66 elementor-top-column elementor-element elementor-element-2f5fb743\" data-id=\"2f5fb743\" data-element_type=\"column\">\n\t\t\t<div class=\"elementor-widget-wrap elementor-element-populated\">\n\t\t\t\t\t\t<div class=\"elementor-element elementor-element-49130392 ekit-equal-height-disable elementor-widget elementor-widget-elementskit-image-box\" data-id=\"49130392\" data-element_type=\"widget\" data-widget_type=\"elementskit-image-box.default\">\n\t\t\t\t<div class=\"elementor-widget-container\">\n\t\t\t\t\t<div class=\"ekit-wid-con\" >\n            <div class=\"elementskit-info-image-box ekit-image-box text-left simple-card\" >\n\n                \n                <div class=\"elementskit-box-header image-box-img-left\">\n\n                    <img fetchpriority=\"high\" decoding=\"async\" width=\"2560\" height=\"1698\" src=\"https:\/\/adrajobscenter.org\/wp-content\/uploads\/2023\/11\/Untitled-1024-x-1024-mm-scaled-e1700654704130.jpeg\" class=\"attachment-full size-full wp-image-1623\" alt=\"\" srcset=\"https:\/\/adrajobscenter.org\/wp-content\/uploads\/2023\/11\/Untitled-1024-x-1024-mm-scaled-e1700654704130.jpeg 2560w, https:\/\/adrajobscenter.org\/wp-content\/uploads\/2023\/11\/Untitled-1024-x-1024-mm-scaled-e1700654704130-300x199.jpeg 300w, https:\/\/adrajobscenter.org\/wp-content\/uploads\/2023\/11\/Untitled-1024-x-1024-mm-scaled-e1700654704130-1024x679.jpeg 1024w, https:\/\/adrajobscenter.org\/wp-content\/uploads\/2023\/11\/Untitled-1024-x-1024-mm-scaled-e1700654704130-768x509.jpeg 768w, https:\/\/adrajobscenter.org\/wp-content\/uploads\/2023\/11\/Untitled-1024-x-1024-mm-scaled-e1700654704130-1536x1019.jpeg 1536w, https:\/\/adrajobscenter.org\/wp-content\/uploads\/2023\/11\/Untitled-1024-x-1024-mm-scaled-e1700654704130-2048x1358.jpeg 2048w, https:\/\/adrajobscenter.org\/wp-content\/uploads\/2023\/11\/Untitled-1024-x-1024-mm-scaled-e1700654704130-18x12.jpeg 18w, https:\/\/adrajobscenter.org\/wp-content\/uploads\/2023\/11\/Untitled-1024-x-1024-mm-scaled-e1700654704130-600x398.jpeg 600w\" sizes=\"(max-width: 2560px) 100vw, 2560px\" \/>\n                <\/div>\n                \n                <div class=\"elementskit-box-body ekit-image-box-body\">\n                    <div class=\"elementskit-box-content ekit-image-box-body-inner\">\n                                                <h3 class=\"elementskit-info-box-title\">\n\n                        Pourquoi apprendre l\u2019anglais est important ?\n                        \n                    <\/h3>\n                                                            <div class=\"elementskit-box-style-content\">\n                        L&#039;anglais est comme la cl\u00e9 d&#039;un coffre au tr\u00e9sor rempli de connaissances, d&#039;opportunit\u00e9s et de relations. C&#039;est l&#039;une des langues les plus parl\u00e9es au monde et sert de pont entre des personnes de cultures et d&#039;horizons diff\u00e9rents. Conna\u00eetre l&#039;anglais peut ouvrir les portes \u00e0 des ressources \u00e9ducatives, \u00e0 des opportunit\u00e9s d&#039;emploi et \u00e0 des \u00e9changes culturels. C&#039;est comme avoir un outil universel qui vous permet de communiquer et de collaborer avec des personnes du monde entier. De plus, c&#039;est une langue avec un riche h\u00e9ritage litt\u00e9raire et culturel, donc apprendre l&#039;anglais peut aussi \u00eatre un voyage d&#039;exploration et de d\u00e9couverte.                    <\/div>\n                                    <\/div>\n\n                            <\/div>\n            <\/div>\n    <\/div>\t\t\t\t<\/div>\n\t\t\t\t<\/div>\n\t\t\t\t<div class=\"elementor-element elementor-element-fddc321 elementor-icon-list--layout-traditional elementor-list-item-link-full_width elementor-widget elementor-widget-icon-list\" data-id=\"fddc321\" data-element_type=\"widget\" data-widget_type=\"icon-list.default\">\n\t\t\t\t<div class=\"elementor-widget-container\">\n\t\t\t\t\t\t\t<ul class=\"elementor-icon-list-items\">\n\t\t\t\t\t\t\t<li class=\"elementor-icon-list-item\">\n\t\t\t\t\t\t\t\t\t\t\t<span class=\"elementor-icon-list-icon\">\n\t\t\t\t\t\t\t<i aria-hidden=\"true\" class=\"far fa-check-circle\"><\/i>\t\t\t\t\t\t<\/span>\n\t\t\t\t\t\t\t\t\t\t<span class=\"elementor-icon-list-text\">Communication globale.<\/span>\n\t\t\t\t\t\t\t\t\t<\/li>\n\t\t\t\t\t\t\t\t<li class=\"elementor-icon-list-item\">\n\t\t\t\t\t\t\t\t\t\t\t<span class=\"elementor-icon-list-icon\">\n\t\t\t\t\t\t\t<i aria-hidden=\"true\" class=\"far fa-check-circle\"><\/i>\t\t\t\t\t\t<\/span>\n\t\t\t\t\t\t\t\t\t\t<span class=\"elementor-icon-list-text\">Opportunit\u00e9s de carri\u00e8re.<\/span>\n\t\t\t\t\t\t\t\t\t<\/li>\n\t\t\t\t\t\t\t\t<li class=\"elementor-icon-list-item\">\n\t\t\t\t\t\t\t\t\t\t\t<span class=\"elementor-icon-list-icon\">\n\t\t\t\t\t\t\t<i aria-hidden=\"true\" class=\"far fa-check-circle\"><\/i>\t\t\t\t\t\t<\/span>\n\t\t\t\t\t\t\t\t\t\t<span class=\"elementor-icon-list-text\">Acc\u00e8s \u00e0 l&#039;information et aux ressources.<\/span>\n\t\t\t\t\t\t\t\t\t<\/li>\n\t\t\t\t\t\t<\/ul>\n\t\t\t\t\t\t<\/div>\n\t\t\t\t<\/div>\n\t\t\t\t<div class=\"elementor-element elementor-element-23d921b3 elementor-widget elementor-widget-elementskit-heading\" data-id=\"23d921b3\" data-element_type=\"widget\" data-widget_type=\"elementskit-heading.default\">\n\t\t\t\t<div class=\"elementor-widget-container\">\n\t\t\t\t\t<div class=\"ekit-wid-con\" ><div class=\"ekit-heading elementskit-section-title-wraper text_left   ekit_heading_tablet-   ekit_heading_mobile-\"><h2 class=\"ekit-heading--title elementskit-section-title\">Programme de cours d&#039;anglais g\u00e9n\u00e9ral de 10 semaines<\/h2>\t\t\t\t<div class='ekit-heading__description'>\n\t\t\t\t\t<p><strong>Semaine 1-2\u00a0: Introduction et vocabulaire de base<\/strong><\/p>\n<ul>\n<li>Salutations et pr\u00e9sentations<\/li>\n<li>Expressions et phrases courantes<\/li>\n<li>Chiffres, jours et mois<\/li>\n<li>Comp\u00e9tences conversationnelles de base<\/li>\n<\/ul>\n<p>\u00a0<\/p>\n<p><strong>Semaine 3-4\u00a0:\u00a0Fondements de la grammaire<\/strong><\/p>\n<ul>\n<li>Noms, verbes, adjectifs et adverbes<\/li>\n<li>Temps simples du pr\u00e9sent et du pass\u00e9<\/li>\n<li>Structure de phrase de base<\/li>\n<\/ul>\n<p>\u00a0<\/p>\n<p><strong>Semaine 5-6\u00a0: D\u00e9velopper les comp\u00e9tences en communication<\/strong><\/p>\n<ul>\n<li>D\u00e9crire les routines quotidiennes<\/li>\n<li>Exprimer des opinions et des pr\u00e9f\u00e9rences<\/li>\n<li>Jeux de r\u00f4le et conversations situationnelles<\/li>\n<\/ul>\n<p>\u00a0<\/p>\n<p><strong>Semaine 7-8\u00a0: Grammaire et vocabulaire interm\u00e9diaires<\/strong><\/p>\n<ul>\n<li>Temps continus pr\u00e9sents et pass\u00e9s continus<\/li>\n<li>Vocabulaire \u00e9largi pour des sujets courants<\/li>\n<li>Structures de phrases complexes<\/li>\n<\/ul>\n<p>\u00a0<\/p>\n<p><strong>Semaine 9-10\u00a0: Applications pratiques et contexte culturel<\/strong><\/p>\n<ul>\n<li>R\u00e9daction d&#039;e-mails et de lettres informelles<\/li>\n<li>Discuter des diff\u00e9rences culturelles et de l&#039;\u00e9tiquette<\/li>\n<li>Projet final\u00a0: Pr\u00e9sentation d&#039;un court discours ou d&#039;un sujet d&#039;int\u00e9r\u00eat\u00a0<\/li>\n<\/ul>\n<p>\u00a0<\/p>\n<p>Chaque semaine comprend un m\u00e9lange d&#039;exercices d&#039;\u00e9coute, d&#039;expression orale, de lecture et d&#039;\u00e9criture pour garantir une exp\u00e9rience d&#039;apprentissage des langues compl\u00e8te. De plus, des activit\u00e9s interactives, des discussions de groupe et des ressources multim\u00e9dias am\u00e9lioreront l&#039;engagement et la r\u00e9tention.<\/p>\n\t\t\t\t<\/div>\n\t\t\t<\/div><\/div>\t\t\t\t<\/div>\n\t\t\t\t<\/div>\n\t\t\t\t\t<\/div>\n\t\t<\/div>\n\t\t\t\t<div class=\"elementor-column elementor-col-33 elementor-top-column elementor-element elementor-element-4c9a982\" data-id=\"4c9a982\" data-element_type=\"column\">\n\t\t\t<div class=\"elementor-widget-wrap elementor-element-populated\">\n\t\t\t\t\t\t<section class=\"elementor-section elementor-inner-section elementor-element elementor-element-33f6b584 elementor-section-boxed elementor-section-height-default elementor-section-height-default\" data-id=\"33f6b584\" data-element_type=\"section\" data-settings=\"{&quot;background_background&quot;:&quot;classic&quot;}\">\n\t\t\t\t\t\t<div class=\"elementor-container elementor-column-gap-default\">\n\t\t\t\t\t<div class=\"elementor-column elementor-col-100 elementor-inner-column elementor-element elementor-element-662a696d\" data-id=\"662a696d\" data-element_type=\"column\">\n\t\t\t<div class=\"elementor-widget-wrap elementor-element-populated\">\n\t\t\t\t\t\t<div class=\"elementor-element elementor-element-40f6025b elementor-widget elementor-widget-elementskit-heading\" data-id=\"40f6025b\" data-element_type=\"widget\" data-widget_type=\"elementskit-heading.default\">\n\t\t\t\t<div class=\"elementor-widget-container\">\n\t\t\t\t\t<div class=\"ekit-wid-con\" ><div class=\"ekit-heading elementskit-section-title-wraper text_center   ekit_heading_tablet-   ekit_heading_mobile-\"><h2 class=\"ekit-heading--title elementskit-section-title\">Cours d&#039;anglais<\/h2><\/div><\/div>\t\t\t\t<\/div>\n\t\t\t\t<\/div>\n\t\t\t\t\t<\/div>\n\t\t<\/div>\n\t\t\t\t\t<\/div>\n\t\t<\/section>\n\t\t\t\t<section class=\"elementor-section elementor-inner-section elementor-element elementor-element-2147f03f elementor-section-boxed elementor-section-height-default elementor-section-height-default\" data-id=\"2147f03f\" data-element_type=\"section\" data-settings=\"{&quot;background_background&quot;:&quot;classic&quot;}\">\n\t\t\t\t\t\t<div class=\"elementor-container elementor-column-gap-default\">\n\t\t\t\t\t<div class=\"elementor-column elementor-col-50 elementor-inner-column elementor-element elementor-element-6a530bb\" data-id=\"6a530bb\" data-element_type=\"column\">\n\t\t\t<div class=\"elementor-widget-wrap elementor-element-populated\">\n\t\t\t\t\t\t<div class=\"elementor-element elementor-element-5bd38802 ekit-equal-height-disable elementor-widget elementor-widget-elementskit-icon-box\" data-id=\"5bd38802\" data-element_type=\"widget\" data-widget_type=\"elementskit-icon-box.default\">\n\t\t\t\t<div class=\"elementor-widget-container\">\n\t\t\t\t\t<div class=\"ekit-wid-con\" >        <!-- link opening -->\n                <a href=\"#\" class=\"ekit_global_links\">\n                <!-- end link opening -->\n\n        <div class=\"elementskit-infobox text-center text- icon-top-align elementor-animation-\">\n                    <div class=\"elementskit-box-header elementor-animation-\">\n                <div class=\"elementskit-info-box-icon\">\n                    <i aria-hidden=\"true\" class=\"elementkit-infobox-icon fas fa-book-reader\"><\/i>\n                <\/div>\n          <\/div>\n                        <div class=\"box-body\">\n                            <h3 class=\"elementskit-info-box-title\">\n                    En lisant                <\/h3>\n                                            <\/div>\n        \n        \n                <\/div>\n                <\/a>\n        <\/div>\t\t\t\t<\/div>\n\t\t\t\t<\/div>\n\t\t\t\t\t<\/div>\n\t\t<\/div>\n\t\t\t\t<div class=\"elementor-column elementor-col-50 elementor-inner-column elementor-element elementor-element-fdfc0e3\" data-id=\"fdfc0e3\" data-element_type=\"column\">\n\t\t\t<div class=\"elementor-widget-wrap elementor-element-populated\">\n\t\t\t\t\t\t<div class=\"elementor-element elementor-element-5014487a ekit-equal-height-disable elementor-widget elementor-widget-elementskit-icon-box\" data-id=\"5014487a\" data-element_type=\"widget\" data-widget_type=\"elementskit-icon-box.default\">\n\t\t\t\t<div class=\"elementor-widget-container\">\n\t\t\t\t\t<div class=\"ekit-wid-con\" >        <!-- link opening -->\n                <a href=\"#\" class=\"ekit_global_links\">\n                <!-- end link opening -->\n\n        <div class=\"elementskit-infobox text-center text- icon-top-align elementor-animation-\">\n                    <div class=\"elementskit-box-header elementor-animation-\">\n                <div class=\"elementskit-info-box-icon\">\n                    <i aria-hidden=\"true\" class=\"elementkit-infobox-icon fas fa-assistive-listening-systems\"><\/i>\n                <\/div>\n          <\/div>\n                        <div class=\"box-body\">\n                            <h3 class=\"elementskit-info-box-title\">\n                    \u00c9coute                <\/h3>\n                                            <\/div>\n        \n        \n                <\/div>\n                <\/a>\n        <\/div>\t\t\t\t<\/div>\n\t\t\t\t<\/div>\n\t\t\t\t\t<\/div>\n\t\t<\/div>\n\t\t\t\t\t<\/div>\n\t\t<\/section>\n\t\t\t\t<section class=\"elementor-section elementor-inner-section elementor-element elementor-element-53952c2e elementor-section-boxed elementor-section-height-default elementor-section-height-default\" data-id=\"53952c2e\" data-element_type=\"section\" data-settings=\"{&quot;background_background&quot;:&quot;classic&quot;}\">\n\t\t\t\t\t\t<div class=\"elementor-container elementor-column-gap-default\">\n\t\t\t\t\t<div class=\"elementor-column elementor-col-50 elementor-inner-column elementor-element elementor-element-5d2d1419\" data-id=\"5d2d1419\" data-element_type=\"column\">\n\t\t\t<div class=\"elementor-widget-wrap elementor-element-populated\">\n\t\t\t\t\t\t<div class=\"elementor-element elementor-element-36dba952 ekit-equal-height-disable elementor-widget elementor-widget-elementskit-icon-box\" data-id=\"36dba952\" data-element_type=\"widget\" data-widget_type=\"elementskit-icon-box.default\">\n\t\t\t\t<div class=\"elementor-widget-container\">\n\t\t\t\t\t<div class=\"ekit-wid-con\" >        <!-- link opening -->\n                <a href=\"#\" class=\"ekit_global_links\">\n                <!-- end link opening -->\n\n        <div class=\"elementskit-infobox text-center text- icon-top-align elementor-animation-\">\n                    <div class=\"elementskit-box-header elementor-animation-\">\n                <div class=\"elementskit-info-box-icon\">\n                    <i aria-hidden=\"true\" class=\"elementkit-infobox-icon icon icon-open-book1\"><\/i>\n                <\/div>\n          <\/div>\n                        <div class=\"box-body\">\n                            <h3 class=\"elementskit-info-box-title\">\n                    En \u00e9crivant                 <\/h3>\n                                            <\/div>\n        \n        \n                <\/div>\n                <\/a>\n        <\/div>\t\t\t\t<\/div>\n\t\t\t\t<\/div>\n\t\t\t\t\t<\/div>\n\t\t<\/div>\n\t\t\t\t<div class=\"elementor-column elementor-col-50 elementor-inner-column elementor-element elementor-element-a863091\" data-id=\"a863091\" data-element_type=\"column\">\n\t\t\t<div class=\"elementor-widget-wrap elementor-element-populated\">\n\t\t\t\t\t\t<div class=\"elementor-element elementor-element-11fa163d ekit-equal-height-disable elementor-widget elementor-widget-elementskit-icon-box\" data-id=\"11fa163d\" data-element_type=\"widget\" data-widget_type=\"elementskit-icon-box.default\">\n\t\t\t\t<div class=\"elementor-widget-container\">\n\t\t\t\t\t<div class=\"ekit-wid-con\" >        <!-- link opening -->\n                <a href=\"#\" class=\"ekit_global_links\">\n                <!-- end link opening -->\n\n        <div class=\"elementskit-infobox text-center text- icon-top-align elementor-animation-\">\n                    <div class=\"elementskit-box-header elementor-animation-\">\n                <div class=\"elementskit-info-box-icon\">\n                    <i aria-hidden=\"true\" class=\"elementkit-infobox-icon icon icon-conversation\"><\/i>\n                <\/div>\n          <\/div>\n                        <div class=\"box-body\">\n                            <h3 class=\"elementskit-info-box-title\">\n                    Parlant                <\/h3>\n                                            <\/div>\n        \n        \n                <\/div>\n                <\/a>\n        <\/div>\t\t\t\t<\/div>\n\t\t\t\t<\/div>\n\t\t\t\t\t<\/div>\n\t\t<\/div>\n\t\t\t\t\t<\/div>\n\t\t<\/section>\n\t\t\t\t<section class=\"elementor-section elementor-inner-section elementor-element elementor-element-528030b8 elementor-section-boxed elementor-section-height-default elementor-section-height-default\" data-id=\"528030b8\" data-element_type=\"section\" data-settings=\"{&quot;background_background&quot;:&quot;classic&quot;}\">\n\t\t\t\t\t\t<div class=\"elementor-container elementor-column-gap-default\">\n\t\t\t\t\t<div class=\"elementor-column elementor-col-50 elementor-inner-column elementor-element elementor-element-71d936ea\" data-id=\"71d936ea\" data-element_type=\"column\">\n\t\t\t<div class=\"elementor-widget-wrap\">\n\t\t\t\t\t\t\t<\/div>\n\t\t<\/div>\n\t\t\t\t<div class=\"elementor-column elementor-col-50 elementor-inner-column elementor-element elementor-element-129d8dc5\" data-id=\"129d8dc5\" data-element_type=\"column\">\n\t\t\t<div class=\"elementor-widget-wrap\">\n\t\t\t\t\t\t\t<\/div>\n\t\t<\/div>\n\t\t\t\t\t<\/div>\n\t\t<\/section>\n\t\t\t\t<section class=\"elementor-section elementor-inner-section elementor-element elementor-element-1303ad59 elementor-section-boxed elementor-section-height-default elementor-section-height-default\" data-id=\"1303ad59\" data-element_type=\"section\" data-settings=\"{&quot;background_background&quot;:&quot;classic&quot;}\">\n\t\t\t\t\t\t<div class=\"elementor-container elementor-column-gap-default\">\n\t\t\t\t\t<div class=\"elementor-column elementor-col-100 elementor-inner-column elementor-element elementor-element-3d059eeb\" data-id=\"3d059eeb\" data-element_type=\"column\">\n\t\t\t<div class=\"elementor-widget-wrap elementor-element-populated\">\n\t\t\t\t\t\t<div class=\"elementor-element elementor-element-7728e863 elementor-align-center elementor-widget elementor-widget-elementskit-button\" data-id=\"7728e863\" data-element_type=\"widget\" data-widget_type=\"elementskit-button.default\">\n\t\t\t\t<div class=\"elementor-widget-container\">\n\t\t\t\t\t<div class=\"ekit-wid-con\" >\t\t<div class=\"ekit-btn-wraper\">\n\t\t\t\t\t\t\t<a href=\"https:\/\/adrajobscenter.org\/fr\/contact-us\/\" class=\"elementskit-btn  whitespace--normal\" id=\"\">\n\t\t\t\t\tContactez-nous<i class=\"fas fa-envelope\"><\/i>\t\t\t\t<\/a>\n\t\t\t\t\t<\/div>\n        <\/div>\t\t\t\t<\/div>\n\t\t\t\t<\/div>\n\t\t\t\t\t<\/div>\n\t\t<\/div>\n\t\t\t\t\t<\/div>\n\t\t<\/section>\n\t\t\t\t\t<\/div>\n\t\t<\/div>\n\t\t\t\t\t<\/div>\n\t\t<\/section>\n\t\t\t\t<section class=\"elementor-section elementor-top-section elementor-element elementor-element-24556fd0 elementor-section-stretched elementor-section-boxed elementor-section-height-default elementor-section-height-default\" data-id=\"24556fd0\" data-element_type=\"section\" data-settings=\"{&quot;background_background&quot;:&quot;classic&quot;,&quot;stretch_section&quot;:&quot;section-stretched&quot;}\">\n\t\t\t\t\t\t<div class=\"elementor-container elementor-column-gap-default\">\n\t\t\t\t\t<div class=\"elementor-column elementor-col-100 elementor-top-column elementor-element elementor-element-66d0dbc6\" data-id=\"66d0dbc6\" data-element_type=\"column\">\n\t\t\t<div class=\"elementor-widget-wrap elementor-element-populated\">\n\t\t\t\t\t\t<div class=\"elementor-element elementor-element-5d1bd07e elementor-widget elementor-widget-elementskit-heading\" data-id=\"5d1bd07e\" data-element_type=\"widget\" data-widget_type=\"elementskit-heading.default\">\n\t\t\t\t<div class=\"elementor-widget-container\">\n\t\t\t\t\t<div class=\"ekit-wid-con\" ><div class=\"ekit-heading elementskit-section-title-wraper center   ekit_heading_tablet-   ekit_heading_mobile-\"><h2 class=\"ekit-heading--title elementskit-section-title\">COURS D&#039;ANGLAIS<\/h2><\/div><\/div>\t\t\t\t<\/div>\n\t\t\t\t<\/div>\n\t\t\t\t<div class=\"elementor-element elementor-element-5b31723c elementor-align--mobilecenter elementor-align-center elementor-widget elementor-widget-elementskit-button\" data-id=\"5b31723c\" data-element_type=\"widget\" data-widget_type=\"elementskit-button.default\">\n\t\t\t\t<div class=\"elementor-widget-container\">\n\t\t\t\t\t<div class=\"ekit-wid-con\" >\t\t<div class=\"ekit-btn-wraper\">\n\t\t\t\t\t\t\t<a href=\"https:\/\/adrajobscenter.org\/fr\/inscriptions\/\" target=\"_blank\" class=\"elementskit-btn  whitespace--normal\" id=\"\">\n\t\t\t\t\tUne inscription\t\t\t\t<\/a>\n\t\t\t\t\t<\/div>\n        <\/div>\t\t\t\t<\/div>\n\t\t\t\t<\/div>\n\t\t\t\t\t<\/div>\n\t\t<\/div>\n\t\t\t\t\t<\/div>\n\t\t<\/section>\n\t\t\t\t<\/div>","protected":false},"excerpt":{"rendered":"<p>Cours d&#039;anglais Pourquoi apprendre l&#039;anglais est important ? L&#039;anglais est comme la cl\u00e9 d&#039;un coffre au tr\u00e9sor rempli de connaissances, d&#039;opportunit\u00e9s et de relations. C&#039;est l&#039;une des langues les plus parl\u00e9es au monde et sert de pont entre des personnes de cultures et d&#039;horizons diff\u00e9rents. Conna\u00eetre l&#039;anglais peut ouvrir les portes \u00e0 des ressources \u00e9ducatives, \u00e0 des opportunit\u00e9s d&#039;emploi et \u00e0 des \u00e9changes culturels. C&#039;est comme avoir un syst\u00e8me universel [\u2026]<\/p>","protected":false},"author":1,"featured_media":0,"parent":0,"menu_order":0,"comment_status":"closed","ping_status":"closed","template":"elementor_canvas","meta":{"_monsterinsights_skip_tracking":false,"_monsterinsights_sitenote_active":false,"_monsterinsights_sitenote_note":"","_monsterinsights_sitenote_category":0,"footnotes":""},"class_list":["post-783","page","type-page","status-publish","hentry"],"aioseo_notices":[],"_links":{"self":[{"href":"https:\/\/adrajobscenter.org\/fr\/wp-json\/wp\/v2\/pages\/783","targetHints":{"allow":["GET"]}}],"collection":[{"href":"https:\/\/adrajobscenter.org\/fr\/wp-json\/wp\/v2\/pages"}],"about":[{"href":"https:\/\/adrajobscenter.org\/fr\/wp-json\/wp\/v2\/types\/page"}],"author":[{"embeddable":true,"href":"https:\/\/adrajobscenter.org\/fr\/wp-json\/wp\/v2\/users\/1"}],"replies":[{"embeddable":true,"href":"https:\/\/adrajobscenter.org\/fr\/wp-json\/wp\/v2\/comments?post=783"}],"version-history":[{"count":155,"href":"https:\/\/adrajobscenter.org\/fr\/wp-json\/wp\/v2\/pages\/783\/revisions"}],"predecessor-version":[{"id":2549,"href":"https:\/\/adrajobscenter.org\/fr\/wp-json\/wp\/v2\/pages\/783\/revisions\/2549"}],"wp:attachment":[{"href":"https:\/\/adrajobscenter.org\/fr\/wp-json\/wp\/v2\/media?parent=783"}],"curies":[{"name":"wp","href":"https:\/\/api.w.org\/{rel}","templated":true}]}}