{"id":893,"date":"2023-11-13T10:32:24","date_gmt":"2023-11-13T10:32:24","guid":{"rendered":"https:\/\/adrajobscenter.org\/?page_id=893"},"modified":"2023-12-04T11:19:20","modified_gmt":"2023-12-04T11:19:20","slug":"comptabilite-courses","status":"publish","type":"page","link":"https:\/\/adrajobscenter.org\/fr\/comptabilite-courses\/","title":{"rendered":"Cours de compatibilit\u00e9"},"content":{"rendered":"<div data-elementor-type=\"wp-page\" data-elementor-id=\"893\" class=\"elementor elementor-893\">\n\t\t\t\t\t\t<section class=\"elementor-section elementor-top-section elementor-element elementor-element-d6517ff elementor-section-stretched elementor-section-boxed elementor-section-height-default elementor-section-height-default\" data-id=\"d6517ff\" data-element_type=\"section\" data-settings=\"{&quot;background_background&quot;:&quot;classic&quot;,&quot;stretch_section&quot;:&quot;section-stretched&quot;}\">\n\t\t\t\t\t\t\t<div class=\"elementor-background-overlay\"><\/div>\n\t\t\t\t\t\t\t<div class=\"elementor-container elementor-column-gap-default\">\n\t\t\t\t\t<div class=\"elementor-column elementor-col-100 elementor-top-column elementor-element elementor-element-686dd47a\" data-id=\"686dd47a\" data-element_type=\"column\">\n\t\t\t<div class=\"elementor-widget-wrap elementor-element-populated\">\n\t\t\t\t\t\t<div class=\"elementor-element elementor-element-351f6e71 elementor-widget elementor-widget-elementskit-heading\" data-id=\"351f6e71\" data-element_type=\"widget\" data-widget_type=\"elementskit-heading.default\">\n\t\t\t\t<div class=\"elementor-widget-container\">\n\t\t\t\t\t<div class=\"ekit-wid-con\" ><div class=\"ekit-heading elementskit-section-title-wraper center   ekit_heading_tablet-   ekit_heading_mobile-\"><h2 class=\"ekit-heading--title elementskit-section-title\">Cours de Compte<\/h2><\/div><\/div>\t\t\t\t<\/div>\n\t\t\t\t<\/div>\n\t\t\t\t\t<\/div>\n\t\t<\/div>\n\t\t\t\t\t<\/div>\n\t\t<\/section>\n\t\t\t\t<section class=\"elementor-section elementor-top-section elementor-element elementor-element-2e2c790f elementor-section-stretched elementor-section-boxed elementor-section-height-default elementor-section-height-default\" data-id=\"2e2c790f\" data-element_type=\"section\" data-settings=\"{&quot;stretch_section&quot;:&quot;section-stretched&quot;,&quot;background_background&quot;:&quot;classic&quot;}\">\n\t\t\t\t\t\t<div class=\"elementor-container elementor-column-gap-default\">\n\t\t\t\t\t<div class=\"elementor-column elementor-col-66 elementor-top-column elementor-element elementor-element-2f5fb743\" data-id=\"2f5fb743\" data-element_type=\"column\">\n\t\t\t<div class=\"elementor-widget-wrap elementor-element-populated\">\n\t\t\t\t\t\t<div class=\"elementor-element elementor-element-49130392 ekit-equal-height-disable elementor-widget elementor-widget-elementskit-image-box\" data-id=\"49130392\" data-element_type=\"widget\" data-widget_type=\"elementskit-image-box.default\">\n\t\t\t\t<div class=\"elementor-widget-container\">\n\t\t\t\t\t<div class=\"ekit-wid-con\" >\n            <div class=\"elementskit-info-image-box ekit-image-box text-left simple-card\" >\n\n                \n                <div class=\"elementskit-box-header image-box-img-left\">\n\n                    <img fetchpriority=\"high\" decoding=\"async\" width=\"2560\" height=\"1326\" src=\"https:\/\/adrajobscenter.org\/wp-content\/uploads\/2023\/12\/accounting-scaled-e1701620307542.jpg\" class=\"attachment-full size-full wp-image-1963\" alt=\"\" srcset=\"https:\/\/adrajobscenter.org\/wp-content\/uploads\/2023\/12\/accounting-scaled-e1701620307542.jpg 2560w, https:\/\/adrajobscenter.org\/wp-content\/uploads\/2023\/12\/accounting-scaled-e1701620307542-300x155.jpg 300w, https:\/\/adrajobscenter.org\/wp-content\/uploads\/2023\/12\/accounting-scaled-e1701620307542-1024x530.jpg 1024w, https:\/\/adrajobscenter.org\/wp-content\/uploads\/2023\/12\/accounting-scaled-e1701620307542-768x398.jpg 768w, https:\/\/adrajobscenter.org\/wp-content\/uploads\/2023\/12\/accounting-scaled-e1701620307542-1536x796.jpg 1536w, https:\/\/adrajobscenter.org\/wp-content\/uploads\/2023\/12\/accounting-scaled-e1701620307542-2048x1061.jpg 2048w, https:\/\/adrajobscenter.org\/wp-content\/uploads\/2023\/12\/accounting-scaled-e1701620307542-18x9.jpg 18w, https:\/\/adrajobscenter.org\/wp-content\/uploads\/2023\/12\/accounting-scaled-e1701620307542-290x150.jpg 290w, https:\/\/adrajobscenter.org\/wp-content\/uploads\/2023\/12\/accounting-scaled-e1701620307542-600x311.jpg 600w\" sizes=\"(max-width: 2560px) 100vw, 2560px\" \/>\n                <\/div>\n                \n                <div class=\"elementskit-box-body ekit-image-box-body\">\n                    <div class=\"elementskit-box-content ekit-image-box-body-inner\">\n                                                <h3 class=\"elementskit-info-box-title\">\n\n                        Pourquoi apprendre la comptabilit\u00e9 est important ?\n                        \n                    <\/h3>\n                                                            <div class=\"elementskit-box-style-content\">\n                        La comptabilit\u00e9 est un langage universel dans le monde des affaires. Il permet une communication efficace avec les parties prenantes telles que les investisseurs, les cr\u00e9anciers et les agences gouvernementales. La ma\u00eetrise des principes comptables am\u00e9liore votre capacit\u00e9 \u00e0 interpr\u00e9ter et \u00e0 discuter des rapports financiers. En bref, l\u2019apprentissage de la comptabilit\u00e9 vous conf\u00e8re des comp\u00e9tences pr\u00e9cieuses en mati\u00e8re de gestion financi\u00e8re, de prise de d\u00e9cision et de communication efficace dans divers contextes professionnels.                    <\/div>\n                                    <\/div>\n\n                            <\/div>\n            <\/div>\n    <\/div>\t\t\t\t<\/div>\n\t\t\t\t<\/div>\n\t\t\t\t<div class=\"elementor-element elementor-element-fddc321 elementor-icon-list--layout-traditional elementor-list-item-link-full_width elementor-widget elementor-widget-icon-list\" data-id=\"fddc321\" data-element_type=\"widget\" data-widget_type=\"icon-list.default\">\n\t\t\t\t<div class=\"elementor-widget-container\">\n\t\t\t\t\t\t\t<ul class=\"elementor-icon-list-items\">\n\t\t\t\t\t\t\t<li class=\"elementor-icon-list-item\">\n\t\t\t\t\t\t\t\t\t\t\t<span class=\"elementor-icon-list-icon\">\n\t\t\t\t\t\t\t<i aria-hidden=\"true\" class=\"far fa-check-circle\"><\/i>\t\t\t\t\t\t<\/span>\n\t\t\t\t\t\t\t\t\t\t<span class=\"elementor-icon-list-text\">Litt\u00e9ratie financi\u00e8re.<\/span>\n\t\t\t\t\t\t\t\t\t<\/li>\n\t\t\t\t\t\t\t\t<li class=\"elementor-icon-list-item\">\n\t\t\t\t\t\t\t\t\t\t\t<span class=\"elementor-icon-list-icon\">\n\t\t\t\t\t\t\t<i aria-hidden=\"true\" class=\"far fa-check-circle\"><\/i>\t\t\t\t\t\t<\/span>\n\t\t\t\t\t\t\t\t\t\t<span class=\"elementor-icon-list-text\">Gestion d&#039;entreprise.<\/span>\n\t\t\t\t\t\t\t\t\t<\/li>\n\t\t\t\t\t\t\t\t<li class=\"elementor-icon-list-item\">\n\t\t\t\t\t\t\t\t\t\t\t<span class=\"elementor-icon-list-icon\">\n\t\t\t\t\t\t\t<i aria-hidden=\"true\" class=\"far fa-check-circle\"><\/i>\t\t\t\t\t\t<\/span>\n\t\t\t\t\t\t\t\t\t\t<span class=\"elementor-icon-list-text\">Conformit\u00e9 et responsabilit\u00e9.<\/span>\n\t\t\t\t\t\t\t\t\t<\/li>\n\t\t\t\t\t\t<\/ul>\n\t\t\t\t\t\t<\/div>\n\t\t\t\t<\/div>\n\t\t\t\t<div class=\"elementor-element elementor-element-23d921b3 elementor-widget elementor-widget-elementskit-heading\" data-id=\"23d921b3\" data-element_type=\"widget\" data-widget_type=\"elementskit-heading.default\">\n\t\t\t\t<div class=\"elementor-widget-container\">\n\t\t\t\t\t<div class=\"ekit-wid-con\" ><div class=\"ekit-heading elementskit-section-title-wraper text_left   ekit_heading_tablet-   ekit_heading_mobile-\"><h2 class=\"ekit-heading--title elementskit-section-title\">Cours de comptabilit\u00e9 g\u00e9n\u00e9rale de 10 semaines <\/h2>\t\t\t\t<div class='ekit-heading__description'>\n\t\t\t\t\t<p><strong>Semaine 1-2\u00a0: Introduction \u00e0 la comptabilit\u00e9<\/strong><\/p>\n<ul>\n<li>Aper\u00e7u des principes comptables<\/li>\n<li>Types de comptabilit\u00e9 (financi\u00e8re, de gestion, etc.)<\/li>\n<li>Importance de la comptabilit\u00e9 dans les entreprises<\/li>\n<\/ul>\n<p>\u00a0<\/p>\n<p><strong>Semaine 3-4\u00a0:\u00a0Concepts comptables de base<\/strong><\/p>\n<ul>\n<li>Comptabilit\u00e9 \u00e0 double entr\u00e9e<\/li>\n<li>D\u00e9bits et cr\u00e9dits<\/li>\n<li>Plan comptable<\/li>\n<\/ul>\n<p>\u00a0<\/p>\n<p><strong>Semaine 5-6\u00a0:\u00a0\u00c9tats financiers<\/strong><\/p>\n<ul>\n<li>releve de revenue<\/li>\n<li>Bilan<\/li>\n<li>Tableau des flux de tr\u00e9sorerie<\/li>\n<\/ul>\n<p>\u00a0<\/p>\n<p><strong>Semaine 7-8 : Comptabilit\u00e9 de gestion<\/strong><\/p>\n<ul>\n<li>Comptabilit\u00e9 analytique<\/li>\n<li>Budg\u00e9tisation et pr\u00e9visions<\/li>\n<li>\u00c9valuation des performances<\/li>\n<\/ul>\n<p>\u00a0<\/p>\n<p><strong>Semaine 9\u00a0: \u00c9thique comptable et conformit\u00e9 juridique<\/strong><\/p>\n<ul>\n<li>Consid\u00e9rations \u00e9thiques en comptabilit\u00e9<\/li>\n<li>R\u00e8glement financier et conformit\u00e9<\/li>\n<\/ul>\n<p>\u00a0<\/p>\n<p><strong>Semaine 10\u00a0: Application pratique et \u00e9tudes de cas<\/strong><\/p>\n<ul>\n<li>Sc\u00e9narios comptables r\u00e9els<\/li>\n<li>Exercices pratiques et \u00e9tudes de cas<\/li>\n<\/ul>\n<p>\u00a0<\/p>\n<p>Chaque semaine comprendra un m\u00e9lange de conf\u00e9rences, de discussions et d&#039;exercices pratiques pour renforcer l&#039;apprentissage. Bien entendu, le programme peut \u00eatre ajust\u00e9 en fonction de l\u2019\u00e9tendue de la couverture et des besoins sp\u00e9cifiques des apprenants.<\/p>\n\t\t\t\t<\/div>\n\t\t\t<\/div><\/div>\t\t\t\t<\/div>\n\t\t\t\t<\/div>\n\t\t\t\t\t<\/div>\n\t\t<\/div>\n\t\t\t\t<div class=\"elementor-column elementor-col-33 elementor-top-column elementor-element elementor-element-4c9a982\" data-id=\"4c9a982\" data-element_type=\"column\">\n\t\t\t<div class=\"elementor-widget-wrap elementor-element-populated\">\n\t\t\t\t\t\t<section class=\"elementor-section elementor-inner-section elementor-element elementor-element-33f6b584 elementor-section-boxed elementor-section-height-default elementor-section-height-default\" data-id=\"33f6b584\" data-element_type=\"section\" data-settings=\"{&quot;background_background&quot;:&quot;classic&quot;}\">\n\t\t\t\t\t\t<div class=\"elementor-container elementor-column-gap-default\">\n\t\t\t\t\t<div class=\"elementor-column elementor-col-100 elementor-inner-column elementor-element elementor-element-662a696d\" data-id=\"662a696d\" data-element_type=\"column\">\n\t\t\t<div class=\"elementor-widget-wrap elementor-element-populated\">\n\t\t\t\t\t\t<div class=\"elementor-element elementor-element-40f6025b elementor-widget elementor-widget-elementskit-heading\" data-id=\"40f6025b\" data-element_type=\"widget\" data-widget_type=\"elementskit-heading.default\">\n\t\t\t\t<div class=\"elementor-widget-container\">\n\t\t\t\t\t<div class=\"ekit-wid-con\" ><div class=\"ekit-heading elementskit-section-title-wraper text_center   ekit_heading_tablet-   ekit_heading_mobile-\"><h2 class=\"ekit-heading--title elementskit-section-title\">Cours de Compte<\/h2><\/div><\/div>\t\t\t\t<\/div>\n\t\t\t\t<\/div>\n\t\t\t\t\t<\/div>\n\t\t<\/div>\n\t\t\t\t\t<\/div>\n\t\t<\/section>\n\t\t\t\t<section class=\"elementor-section elementor-inner-section elementor-element elementor-element-2147f03f elementor-section-boxed elementor-section-height-default elementor-section-height-default\" data-id=\"2147f03f\" data-element_type=\"section\" data-settings=\"{&quot;background_background&quot;:&quot;classic&quot;}\">\n\t\t\t\t\t\t<div class=\"elementor-container elementor-column-gap-default\">\n\t\t\t\t\t<div class=\"elementor-column elementor-col-50 elementor-inner-column elementor-element elementor-element-6a530bb\" data-id=\"6a530bb\" data-element_type=\"column\">\n\t\t\t<div class=\"elementor-widget-wrap elementor-element-populated\">\n\t\t\t\t\t\t<div class=\"elementor-element elementor-element-5bd38802 ekit-equal-height-disable elementor-widget elementor-widget-elementskit-icon-box\" data-id=\"5bd38802\" data-element_type=\"widget\" data-widget_type=\"elementskit-icon-box.default\">\n\t\t\t\t<div class=\"elementor-widget-container\">\n\t\t\t\t\t<div class=\"ekit-wid-con\" >        <!-- link opening -->\n                <a href=\"#\" class=\"ekit_global_links\">\n                <!-- end link opening -->\n\n        <div class=\"elementskit-infobox text-center text- icon-top-align elementor-animation-\">\n                    <div class=\"elementskit-box-header elementor-animation-\">\n                <div class=\"elementskit-info-box-icon\">\n                    <i aria-hidden=\"true\" class=\"elementkit-infobox-icon icon icon-review\"><\/i>\n                <\/div>\n          <\/div>\n                        <div class=\"box-body\">\n                            <h3 class=\"elementskit-info-box-title\">\n                    Gestion des risques                <\/h3>\n                                            <\/div>\n        \n        \n                <\/div>\n                <\/a>\n        <\/div>\t\t\t\t<\/div>\n\t\t\t\t<\/div>\n\t\t\t\t\t<\/div>\n\t\t<\/div>\n\t\t\t\t<div class=\"elementor-column elementor-col-50 elementor-inner-column elementor-element elementor-element-fdfc0e3\" data-id=\"fdfc0e3\" data-element_type=\"column\">\n\t\t\t<div class=\"elementor-widget-wrap elementor-element-populated\">\n\t\t\t\t\t\t<div class=\"elementor-element elementor-element-698fa9e9 ekit-equal-height-disable elementor-widget elementor-widget-elementskit-icon-box\" data-id=\"698fa9e9\" data-element_type=\"widget\" data-widget_type=\"elementskit-icon-box.default\">\n\t\t\t\t<div class=\"elementor-widget-container\">\n\t\t\t\t\t<div class=\"ekit-wid-con\" >        <!-- link opening -->\n                <a href=\"#\" class=\"ekit_global_links\">\n                <!-- end link opening -->\n\n        <div class=\"elementskit-infobox text-center text- icon-top-align elementor-animation-\">\n                    <div class=\"elementskit-box-header elementor-animation-\">\n                <div class=\"elementskit-info-box-icon\">\n                    <i aria-hidden=\"true\" class=\"elementkit-infobox-icon fasicon icon-cogwheel-outline\"><\/i>\n                <\/div>\n          <\/div>\n                        <div class=\"box-body\">\n                            <h3 class=\"elementskit-info-box-title\">\n                    Strat\u00e9gie d&#039;entreprise                <\/h3>\n                                            <\/div>\n        \n        \n                <\/div>\n                <\/a>\n        <\/div>\t\t\t\t<\/div>\n\t\t\t\t<\/div>\n\t\t\t\t\t<\/div>\n\t\t<\/div>\n\t\t\t\t\t<\/div>\n\t\t<\/section>\n\t\t\t\t<section class=\"elementor-section elementor-inner-section elementor-element elementor-element-53952c2e elementor-section-boxed elementor-section-height-default elementor-section-height-default\" data-id=\"53952c2e\" data-element_type=\"section\" data-settings=\"{&quot;background_background&quot;:&quot;classic&quot;}\">\n\t\t\t\t\t\t<div class=\"elementor-container elementor-column-gap-default\">\n\t\t\t\t\t<div class=\"elementor-column elementor-col-50 elementor-inner-column elementor-element elementor-element-5d2d1419\" data-id=\"5d2d1419\" data-element_type=\"column\">\n\t\t\t<div class=\"elementor-widget-wrap elementor-element-populated\">\n\t\t\t\t\t\t<div class=\"elementor-element elementor-element-36dba952 ekit-equal-height-disable elementor-widget elementor-widget-elementskit-icon-box\" data-id=\"36dba952\" data-element_type=\"widget\" data-widget_type=\"elementskit-icon-box.default\">\n\t\t\t\t<div class=\"elementor-widget-container\">\n\t\t\t\t\t<div class=\"ekit-wid-con\" >        <!-- link opening -->\n                <a href=\"#\" class=\"ekit_global_links\">\n                <!-- end link opening -->\n\n        <div class=\"elementskit-infobox text-center text- icon-top-align elementor-animation-\">\n                    <div class=\"elementskit-box-header elementor-animation-\">\n                <div class=\"elementskit-info-box-icon\">\n                    <i aria-hidden=\"true\" class=\"elementkit-infobox-icon fasicon icon-gift\"><\/i>\n                <\/div>\n          <\/div>\n                        <div class=\"box-body\">\n                            <h3 class=\"elementskit-info-box-title\">\n                    Consultation financi\u00e8re                <\/h3>\n                                            <\/div>\n        \n        \n                <\/div>\n                <\/a>\n        <\/div>\t\t\t\t<\/div>\n\t\t\t\t<\/div>\n\t\t\t\t\t<\/div>\n\t\t<\/div>\n\t\t\t\t<div class=\"elementor-column elementor-col-50 elementor-inner-column elementor-element elementor-element-a863091\" data-id=\"a863091\" data-element_type=\"column\">\n\t\t\t<div class=\"elementor-widget-wrap elementor-element-populated\">\n\t\t\t\t\t\t<div class=\"elementor-element elementor-element-11fa163d ekit-equal-height-disable elementor-widget elementor-widget-elementskit-icon-box\" data-id=\"11fa163d\" data-element_type=\"widget\" data-widget_type=\"elementskit-icon-box.default\">\n\t\t\t\t<div class=\"elementor-widget-container\">\n\t\t\t\t\t<div class=\"ekit-wid-con\" >        <!-- link opening -->\n                <a href=\"#\" class=\"ekit_global_links\">\n                <!-- end link opening -->\n\n        <div class=\"elementskit-infobox text-center text- icon-top-align elementor-animation-\">\n                    <div class=\"elementskit-box-header elementor-animation-\">\n                <div class=\"elementskit-info-box-icon\">\n                    <i aria-hidden=\"true\" class=\"elementkit-infobox-icon fasicon icon-dart-board\"><\/i>\n                <\/div>\n          <\/div>\n                        <div class=\"box-body\">\n                            <h3 class=\"elementskit-info-box-title\">\n                    Planification et conduite                <\/h3>\n                                            <\/div>\n        \n        \n                <\/div>\n                <\/a>\n        <\/div>\t\t\t\t<\/div>\n\t\t\t\t<\/div>\n\t\t\t\t\t<\/div>\n\t\t<\/div>\n\t\t\t\t\t<\/div>\n\t\t<\/section>\n\t\t\t\t<section class=\"elementor-section elementor-inner-section elementor-element elementor-element-528030b8 elementor-section-boxed elementor-section-height-default elementor-section-height-default\" data-id=\"528030b8\" data-element_type=\"section\" data-settings=\"{&quot;background_background&quot;:&quot;classic&quot;}\">\n\t\t\t\t\t\t<div class=\"elementor-container elementor-column-gap-default\">\n\t\t\t\t\t<div class=\"elementor-column elementor-col-50 elementor-inner-column elementor-element elementor-element-71d936ea\" data-id=\"71d936ea\" data-element_type=\"column\">\n\t\t\t<div class=\"elementor-widget-wrap\">\n\t\t\t\t\t\t\t<\/div>\n\t\t<\/div>\n\t\t\t\t<div class=\"elementor-column elementor-col-50 elementor-inner-column elementor-element elementor-element-129d8dc5\" data-id=\"129d8dc5\" data-element_type=\"column\">\n\t\t\t<div class=\"elementor-widget-wrap\">\n\t\t\t\t\t\t\t<\/div>\n\t\t<\/div>\n\t\t\t\t\t<\/div>\n\t\t<\/section>\n\t\t\t\t<section class=\"elementor-section elementor-inner-section elementor-element elementor-element-1303ad59 elementor-section-boxed elementor-section-height-default elementor-section-height-default\" data-id=\"1303ad59\" data-element_type=\"section\" data-settings=\"{&quot;background_background&quot;:&quot;classic&quot;}\">\n\t\t\t\t\t\t<div class=\"elementor-container elementor-column-gap-default\">\n\t\t\t\t\t<div class=\"elementor-column elementor-col-100 elementor-inner-column elementor-element elementor-element-3d059eeb\" data-id=\"3d059eeb\" data-element_type=\"column\">\n\t\t\t<div class=\"elementor-widget-wrap elementor-element-populated\">\n\t\t\t\t\t\t<div class=\"elementor-element elementor-element-7728e863 elementor-align-center elementor-widget elementor-widget-elementskit-button\" data-id=\"7728e863\" data-element_type=\"widget\" data-widget_type=\"elementskit-button.default\">\n\t\t\t\t<div class=\"elementor-widget-container\">\n\t\t\t\t\t<div class=\"ekit-wid-con\" >\t\t<div class=\"ekit-btn-wraper\">\n\t\t\t\t\t\t\t<a href=\"https:\/\/adrajobscenter.org\/fr\/contact-us\/\" class=\"elementskit-btn  whitespace--normal\" id=\"\">\n\t\t\t\t\tContactez-nous<i class=\"fas fa-envelope\"><\/i>\t\t\t\t<\/a>\n\t\t\t\t\t<\/div>\n        <\/div>\t\t\t\t<\/div>\n\t\t\t\t<\/div>\n\t\t\t\t\t<\/div>\n\t\t<\/div>\n\t\t\t\t\t<\/div>\n\t\t<\/section>\n\t\t\t\t\t<\/div>\n\t\t<\/div>\n\t\t\t\t\t<\/div>\n\t\t<\/section>\n\t\t\t\t<section class=\"elementor-section elementor-top-section elementor-element elementor-element-24556fd0 elementor-section-stretched elementor-section-boxed elementor-section-height-default elementor-section-height-default\" data-id=\"24556fd0\" data-element_type=\"section\" data-settings=\"{&quot;background_background&quot;:&quot;classic&quot;,&quot;stretch_section&quot;:&quot;section-stretched&quot;}\">\n\t\t\t\t\t\t<div class=\"elementor-container elementor-column-gap-default\">\n\t\t\t\t\t<div class=\"elementor-column elementor-col-100 elementor-top-column elementor-element elementor-element-66d0dbc6\" data-id=\"66d0dbc6\" data-element_type=\"column\">\n\t\t\t<div class=\"elementor-widget-wrap elementor-element-populated\">\n\t\t\t\t\t\t<div class=\"elementor-element elementor-element-5d1bd07e elementor-widget elementor-widget-elementskit-heading\" data-id=\"5d1bd07e\" data-element_type=\"widget\" data-widget_type=\"elementskit-heading.default\">\n\t\t\t\t<div class=\"elementor-widget-container\">\n\t\t\t\t\t<div class=\"ekit-wid-con\" ><div class=\"ekit-heading elementskit-section-title-wraper center   ekit_heading_tablet-   ekit_heading_mobile-\"><h2 class=\"ekit-heading--title elementskit-section-title\">Cours de Compte<\/h2><\/div><\/div>\t\t\t\t<\/div>\n\t\t\t\t<\/div>\n\t\t\t\t<div class=\"elementor-element elementor-element-5b31723c elementor-align--mobilecenter elementor-align-center elementor-widget elementor-widget-elementskit-button\" data-id=\"5b31723c\" data-element_type=\"widget\" data-widget_type=\"elementskit-button.default\">\n\t\t\t\t<div class=\"elementor-widget-container\">\n\t\t\t\t\t<div class=\"ekit-wid-con\" >\t\t<div class=\"ekit-btn-wraper\">\n\t\t\t\t\t\t\t<a href=\"https:\/\/adrajobscenter.org\/fr\/inscriptions\/\" class=\"elementskit-btn  whitespace--normal\" id=\"\">\n\t\t\t\t\tUNE INSCRIPTION\t\t\t\t<\/a>\n\t\t\t\t\t<\/div>\n        <\/div>\t\t\t\t<\/div>\n\t\t\t\t<\/div>\n\t\t\t\t\t<\/div>\n\t\t<\/div>\n\t\t\t\t\t<\/div>\n\t\t<\/section>\n\t\t\t\t<\/div>","protected":false},"excerpt":{"rendered":"<p>Cours de Compte Pourquoi apprendre la comptabilit\u00e9 est important ? La comptabilit\u00e9 est un langage universel dans le monde des affaires. Il permet une communication efficace avec les parties prenantes telles que les investisseurs, les cr\u00e9anciers et les agences gouvernementales. La ma\u00eetrise des principes comptables am\u00e9liore votre capacit\u00e9 \u00e0 interpr\u00e9ter et \u00e0 discuter des rapports financiers. En bref, l&#039;apprentissage de la comptabilit\u00e9 vous conf\u00e8re des comp\u00e9tences pr\u00e9cieuses en mati\u00e8re de gestion financi\u00e8re, de prise de d\u00e9cision et de communication efficace [\u2026]<\/p>","protected":false},"author":1,"featured_media":0,"parent":0,"menu_order":0,"comment_status":"closed","ping_status":"closed","template":"elementor_canvas","meta":{"_monsterinsights_skip_tracking":false,"_monsterinsights_sitenote_active":false,"_monsterinsights_sitenote_note":"","_monsterinsights_sitenote_category":0,"footnotes":""},"class_list":["post-893","page","type-page","status-publish","hentry"],"aioseo_notices":[],"_links":{"self":[{"href":"https:\/\/adrajobscenter.org\/fr\/wp-json\/wp\/v2\/pages\/893","targetHints":{"allow":["GET"]}}],"collection":[{"href":"https:\/\/adrajobscenter.org\/fr\/wp-json\/wp\/v2\/pages"}],"about":[{"href":"https:\/\/adrajobscenter.org\/fr\/wp-json\/wp\/v2\/types\/page"}],"author":[{"embeddable":true,"href":"https:\/\/adrajobscenter.org\/fr\/wp-json\/wp\/v2\/users\/1"}],"replies":[{"embeddable":true,"href":"https:\/\/adrajobscenter.org\/fr\/wp-json\/wp\/v2\/comments?post=893"}],"version-history":[{"count":58,"href":"https:\/\/adrajobscenter.org\/fr\/wp-json\/wp\/v2\/pages\/893\/revisions"}],"predecessor-version":[{"id":2693,"href":"https:\/\/adrajobscenter.org\/fr\/wp-json\/wp\/v2\/pages\/893\/revisions\/2693"}],"wp:attachment":[{"href":"https:\/\/adrajobscenter.org\/fr\/wp-json\/wp\/v2\/media?parent=893"}],"curies":[{"name":"wp","href":"https:\/\/api.w.org\/{rel}","templated":true}]}}