{"id":898,"date":"2023-11-13T10:33:58","date_gmt":"2023-11-13T10:33:58","guid":{"rendered":"https:\/\/adrajobscenter.org\/?page_id=898"},"modified":"2023-12-04T11:30:38","modified_gmt":"2023-12-04T11:30:38","slug":"public-speaking","status":"publish","type":"page","link":"https:\/\/adrajobscenter.org\/fr\/public-speaking\/","title":{"rendered":"Art oratoire"},"content":{"rendered":"<div data-elementor-type=\"wp-page\" data-elementor-id=\"898\" class=\"elementor elementor-898\">\n\t\t\t\t\t\t<section class=\"elementor-section elementor-top-section elementor-element elementor-element-d6517ff elementor-section-stretched elementor-section-boxed elementor-section-height-default elementor-section-height-default\" data-id=\"d6517ff\" data-element_type=\"section\" data-settings=\"{&quot;background_background&quot;:&quot;classic&quot;,&quot;stretch_section&quot;:&quot;section-stretched&quot;}\">\n\t\t\t\t\t\t\t<div class=\"elementor-background-overlay\"><\/div>\n\t\t\t\t\t\t\t<div class=\"elementor-container elementor-column-gap-default\">\n\t\t\t\t\t<div class=\"elementor-column elementor-col-100 elementor-top-column elementor-element elementor-element-686dd47a\" data-id=\"686dd47a\" data-element_type=\"column\">\n\t\t\t<div class=\"elementor-widget-wrap elementor-element-populated\">\n\t\t\t\t\t\t<div class=\"elementor-element elementor-element-351f6e71 elementor-widget elementor-widget-elementskit-heading\" data-id=\"351f6e71\" data-element_type=\"widget\" data-widget_type=\"elementskit-heading.default\">\n\t\t\t\t<div class=\"elementor-widget-container\">\n\t\t\t\t\t<div class=\"ekit-wid-con\" ><div class=\"ekit-heading elementskit-section-title-wraper center   ekit_heading_tablet-   ekit_heading_mobile-\"><h2 class=\"ekit-heading--title elementskit-section-title\">Art oratoire <\/h2><\/div><\/div>\t\t\t\t<\/div>\n\t\t\t\t<\/div>\n\t\t\t\t\t<\/div>\n\t\t<\/div>\n\t\t\t\t\t<\/div>\n\t\t<\/section>\n\t\t\t\t<section class=\"elementor-section elementor-top-section elementor-element elementor-element-2e2c790f elementor-section-stretched elementor-section-boxed elementor-section-height-default elementor-section-height-default\" data-id=\"2e2c790f\" data-element_type=\"section\" data-settings=\"{&quot;stretch_section&quot;:&quot;section-stretched&quot;,&quot;background_background&quot;:&quot;classic&quot;}\">\n\t\t\t\t\t\t<div class=\"elementor-container elementor-column-gap-default\">\n\t\t\t\t\t<div class=\"elementor-column elementor-col-66 elementor-top-column elementor-element elementor-element-2f5fb743\" data-id=\"2f5fb743\" data-element_type=\"column\">\n\t\t\t<div class=\"elementor-widget-wrap elementor-element-populated\">\n\t\t\t\t\t\t<div class=\"elementor-element elementor-element-49130392 ekit-equal-height-disable elementor-widget elementor-widget-elementskit-image-box\" data-id=\"49130392\" data-element_type=\"widget\" data-widget_type=\"elementskit-image-box.default\">\n\t\t\t\t<div class=\"elementor-widget-container\">\n\t\t\t\t\t<div class=\"ekit-wid-con\" >\n            <div class=\"elementskit-info-image-box ekit-image-box text-left simple-card\" >\n\n                \n                <div class=\"elementskit-box-header image-box-img-left\">\n\n                    <img fetchpriority=\"high\" decoding=\"async\" width=\"2560\" height=\"1707\" src=\"https:\/\/adrajobscenter.org\/wp-content\/uploads\/2023\/12\/Public-Speaking-scaled.jpg\" class=\"attachment-full size-full wp-image-1967\" alt=\"\" srcset=\"https:\/\/adrajobscenter.org\/wp-content\/uploads\/2023\/12\/Public-Speaking-scaled.jpg 2560w, https:\/\/adrajobscenter.org\/wp-content\/uploads\/2023\/12\/Public-Speaking-300x200.jpg 300w, https:\/\/adrajobscenter.org\/wp-content\/uploads\/2023\/12\/Public-Speaking-1024x683.jpg 1024w, https:\/\/adrajobscenter.org\/wp-content\/uploads\/2023\/12\/Public-Speaking-768x512.jpg 768w, https:\/\/adrajobscenter.org\/wp-content\/uploads\/2023\/12\/Public-Speaking-1536x1024.jpg 1536w, https:\/\/adrajobscenter.org\/wp-content\/uploads\/2023\/12\/Public-Speaking-2048x1365.jpg 2048w, https:\/\/adrajobscenter.org\/wp-content\/uploads\/2023\/12\/Public-Speaking-18x12.jpg 18w, https:\/\/adrajobscenter.org\/wp-content\/uploads\/2023\/12\/Public-Speaking-600x400.jpg 600w\" sizes=\"(max-width: 2560px) 100vw, 2560px\" \/>\n                <\/div>\n                \n                <div class=\"elementskit-box-body ekit-image-box-body\">\n                    <div class=\"elementskit-box-content ekit-image-box-body-inner\">\n                                                <h3 class=\"elementskit-info-box-title\">\n\n                        Pourquoi parler en public est important\u00a0?\n                        \n                    <\/h3>\n                                                            <div class=\"elementskit-box-style-content\">\n                        Parler en public est comme un super pouvoir. Il ne s\u2019agit pas seulement de se tenir devant une foule et de prononcer un discours : c\u2019est une comp\u00e9tence qui impr\u00e8gne divers aspects de la vie. Que vous pr\u00e9sentiez une id\u00e9e au travail, participiez \u00e0 des r\u00e9unions ou discutiez simplement avec des amis, une communication efficace est essentielle. Parler en public vous aide \u00e0 exprimer clairement vos pens\u00e9es, renforce votre confiance et am\u00e9liore votre capacit\u00e9 \u00e0 persuader et \u00e0 influencer les autres.                     <\/div>\n                                    <\/div>\n\n                            <\/div>\n            <\/div>\n    <\/div>\t\t\t\t<\/div>\n\t\t\t\t<\/div>\n\t\t\t\t<div class=\"elementor-element elementor-element-fddc321 elementor-icon-list--layout-traditional elementor-list-item-link-full_width elementor-widget elementor-widget-icon-list\" data-id=\"fddc321\" data-element_type=\"widget\" data-widget_type=\"icon-list.default\">\n\t\t\t\t<div class=\"elementor-widget-container\">\n\t\t\t\t\t\t\t<ul class=\"elementor-icon-list-items\">\n\t\t\t\t\t\t\t<li class=\"elementor-icon-list-item\">\n\t\t\t\t\t\t\t\t\t\t\t<span class=\"elementor-icon-list-icon\">\n\t\t\t\t\t\t\t<i aria-hidden=\"true\" class=\"far fa-check-circle\"><\/i>\t\t\t\t\t\t<\/span>\n\t\t\t\t\t\t\t\t\t\t<span class=\"elementor-icon-list-text\">Communication efficace.<\/span>\n\t\t\t\t\t\t\t\t\t<\/li>\n\t\t\t\t\t\t\t\t<li class=\"elementor-icon-list-item\">\n\t\t\t\t\t\t\t\t\t\t\t<span class=\"elementor-icon-list-icon\">\n\t\t\t\t\t\t\t<i aria-hidden=\"true\" class=\"far fa-check-circle\"><\/i>\t\t\t\t\t\t<\/span>\n\t\t\t\t\t\t\t\t\t\t<span class=\"elementor-icon-list-text\">L&#039;avancement de carri\u00e8re.<\/span>\n\t\t\t\t\t\t\t\t\t<\/li>\n\t\t\t\t\t\t\t\t<li class=\"elementor-icon-list-item\">\n\t\t\t\t\t\t\t\t\t\t\t<span class=\"elementor-icon-list-icon\">\n\t\t\t\t\t\t\t<i aria-hidden=\"true\" class=\"far fa-check-circle\"><\/i>\t\t\t\t\t\t<\/span>\n\t\t\t\t\t\t\t\t\t\t<span class=\"elementor-icon-list-text\">D\u00e9veloppement personnel.<\/span>\n\t\t\t\t\t\t\t\t\t<\/li>\n\t\t\t\t\t\t<\/ul>\n\t\t\t\t\t\t<\/div>\n\t\t\t\t<\/div>\n\t\t\t\t<div class=\"elementor-element elementor-element-23d921b3 elementor-widget elementor-widget-elementskit-heading\" data-id=\"23d921b3\" data-element_type=\"widget\" data-widget_type=\"elementskit-heading.default\">\n\t\t\t\t<div class=\"elementor-widget-container\">\n\t\t\t\t\t<div class=\"ekit-wid-con\" ><div class=\"ekit-heading elementskit-section-title-wraper text_left   ekit_heading_tablet-   ekit_heading_mobile-\"><h2 class=\"ekit-heading--title elementskit-section-title\">Programme du cours de prise de parole en public de 10 semaines<\/h2>\t\t\t\t<div class='ekit-heading__description'>\n\t\t\t\t\t<p><strong>Semaine 1-2\u00a0: Introduction \u00e0 la prise de parole en public<\/strong><\/p>\n<ul>\n<li>Comprendre l\u2019importance de parler en public<\/li>\n<li>Surmonter le trac et renforcer la confiance<\/li>\n<li>Introduction \u00e0 la structure de base du discours<\/li>\n<\/ul>\n<p>\u00a0<\/p>\n<p><strong>Semaine 3-4\u00a0: Pr\u00e9paration du discours et recherche<\/strong><\/p>\n<ul>\n<li>Choisir des sujets convaincants<\/li>\n<li>Rechercher et organiser du contenu<\/li>\n<li>\u00c9laborer un \u00e9nonc\u00e9 de th\u00e8se clair<\/li>\n<\/ul>\n<p>\u00a0<\/p>\n<p><strong>Semaine 5-6\u00a0:\u00a0Techniques de livraison efficaces<\/strong><\/p>\n<ul>\n<li>Vari\u00e9t\u00e9 vocale et projection<\/li>\n<li>Langage corporel et gestes<\/li>\n<li>Contact visuel et expressions faciales<\/li>\n<\/ul>\n<p>\u00a0<\/p>\n<p><strong>Semaine 7-8\u00a0: Parler persuasif<\/strong><\/p>\n<ul>\n<li>L&#039;art de convaincre<\/li>\n<li>Construire un argument convaincant<\/li>\n<li>G\u00e9rer les objections du public<\/li>\n<\/ul>\n<p>\u00a0<\/p>\n<p><strong>Semaine 9\u00a0: Prise de parole impromptue<\/strong><\/p>\n<ul>\n<li>Penser debout<\/li>\n<li>R\u00e9pondre \u00e0 des questions inattendues<\/li>\n<li>Exercices d&#039;improvisation<\/li>\n<\/ul>\n<p>\u00a0<\/p>\n<p><strong>Semaine 10\u00a0: Pr\u00e9sentations finales et commentaires<\/strong><\/p>\n<ul>\n<li>Les \u00e9tudiants prononcent des discours pr\u00e9par\u00e9s<\/li>\n<li>Commentaires des pairs et des instructeurs<\/li>\n<li>R\u00e9flexion sur la croissance et l&#039;am\u00e9lioration personnelle<\/li>\n<\/ul>\n<p>\u00a0<\/p>\n<p>Ce programme propose une approche structur\u00e9e pour d\u00e9velopper progressivement les comp\u00e9tences cl\u00e9s n\u00e9cessaires pour r\u00e9ussir \u00e0 prendre la parole en public.<\/p>\n\t\t\t\t<\/div>\n\t\t\t<\/div><\/div>\t\t\t\t<\/div>\n\t\t\t\t<\/div>\n\t\t\t\t\t<\/div>\n\t\t<\/div>\n\t\t\t\t<div class=\"elementor-column elementor-col-33 elementor-top-column elementor-element elementor-element-4c9a982\" data-id=\"4c9a982\" data-element_type=\"column\">\n\t\t\t<div class=\"elementor-widget-wrap elementor-element-populated\">\n\t\t\t\t\t\t<section class=\"elementor-section elementor-inner-section elementor-element elementor-element-33f6b584 elementor-section-boxed elementor-section-height-default elementor-section-height-default\" data-id=\"33f6b584\" data-element_type=\"section\" data-settings=\"{&quot;background_background&quot;:&quot;classic&quot;}\">\n\t\t\t\t\t\t<div class=\"elementor-container elementor-column-gap-default\">\n\t\t\t\t\t<div class=\"elementor-column elementor-col-100 elementor-inner-column elementor-element elementor-element-662a696d\" data-id=\"662a696d\" data-element_type=\"column\">\n\t\t\t<div class=\"elementor-widget-wrap elementor-element-populated\">\n\t\t\t\t\t\t<div class=\"elementor-element elementor-element-40f6025b elementor-widget elementor-widget-elementskit-heading\" data-id=\"40f6025b\" data-element_type=\"widget\" data-widget_type=\"elementskit-heading.default\">\n\t\t\t\t<div class=\"elementor-widget-container\">\n\t\t\t\t\t<div class=\"ekit-wid-con\" ><div class=\"ekit-heading elementskit-section-title-wraper text_center   ekit_heading_tablet-   ekit_heading_mobile-\"><h2 class=\"ekit-heading--title elementskit-section-title\">Art oratoire<\/h2><\/div><\/div>\t\t\t\t<\/div>\n\t\t\t\t<\/div>\n\t\t\t\t\t<\/div>\n\t\t<\/div>\n\t\t\t\t\t<\/div>\n\t\t<\/section>\n\t\t\t\t<section class=\"elementor-section elementor-inner-section elementor-element elementor-element-2147f03f elementor-section-boxed elementor-section-height-default elementor-section-height-default\" data-id=\"2147f03f\" data-element_type=\"section\" data-settings=\"{&quot;background_background&quot;:&quot;classic&quot;}\">\n\t\t\t\t\t\t<div class=\"elementor-container elementor-column-gap-default\">\n\t\t\t\t\t<div class=\"elementor-column elementor-col-50 elementor-inner-column elementor-element elementor-element-6a530bb\" data-id=\"6a530bb\" data-element_type=\"column\">\n\t\t\t<div class=\"elementor-widget-wrap elementor-element-populated\">\n\t\t\t\t\t\t<div class=\"elementor-element elementor-element-5bd38802 ekit-equal-height-disable elementor-widget elementor-widget-elementskit-icon-box\" data-id=\"5bd38802\" data-element_type=\"widget\" data-widget_type=\"elementskit-icon-box.default\">\n\t\t\t\t<div class=\"elementor-widget-container\">\n\t\t\t\t\t<div class=\"ekit-wid-con\" >        <!-- link opening -->\n                <a href=\"#\" class=\"ekit_global_links\">\n                <!-- end link opening -->\n\n        <div class=\"elementskit-infobox text-center text- icon-top-align elementor-animation-\">\n                    <div class=\"elementskit-box-header elementor-animation-\">\n                <div class=\"elementskit-info-box-icon\">\n                    <i aria-hidden=\"true\" class=\"elementkit-infobox-icon icon icon-review\"><\/i>\n                <\/div>\n          <\/div>\n                        <div class=\"box-body\">\n                            <h3 class=\"elementskit-info-box-title\">\n                    D\u00e9veloppement de carri\u00e8re                <\/h3>\n                                            <\/div>\n        \n        \n                <\/div>\n                <\/a>\n        <\/div>\t\t\t\t<\/div>\n\t\t\t\t<\/div>\n\t\t\t\t\t<\/div>\n\t\t<\/div>\n\t\t\t\t<div class=\"elementor-column elementor-col-50 elementor-inner-column elementor-element elementor-element-fdfc0e3\" data-id=\"fdfc0e3\" data-element_type=\"column\">\n\t\t\t<div class=\"elementor-widget-wrap elementor-element-populated\">\n\t\t\t\t\t\t<div class=\"elementor-element elementor-element-5014487a ekit-equal-height-disable elementor-widget elementor-widget-elementskit-icon-box\" data-id=\"5014487a\" data-element_type=\"widget\" data-widget_type=\"elementskit-icon-box.default\">\n\t\t\t\t<div class=\"elementor-widget-container\">\n\t\t\t\t\t<div class=\"ekit-wid-con\" >        <!-- link opening -->\n                <a href=\"#\" class=\"ekit_global_links\">\n                <!-- end link opening -->\n\n        <div class=\"elementskit-infobox text-center text- icon-top-align elementor-animation-\">\n                    <div class=\"elementskit-box-header elementor-animation-\">\n                <div class=\"elementskit-info-box-icon\">\n                    <i aria-hidden=\"true\" class=\"elementkit-infobox-icon fasicon icon-graph-2\"><\/i>\n                <\/div>\n          <\/div>\n                        <div class=\"box-body\">\n                            <h3 class=\"elementskit-info-box-title\">\n                    D\u00e9veloppement personnel                <\/h3>\n                                            <\/div>\n        \n        \n                <\/div>\n                <\/a>\n        <\/div>\t\t\t\t<\/div>\n\t\t\t\t<\/div>\n\t\t\t\t\t<\/div>\n\t\t<\/div>\n\t\t\t\t\t<\/div>\n\t\t<\/section>\n\t\t\t\t<section class=\"elementor-section elementor-inner-section elementor-element elementor-element-53952c2e elementor-section-boxed elementor-section-height-default elementor-section-height-default\" data-id=\"53952c2e\" data-element_type=\"section\" data-settings=\"{&quot;background_background&quot;:&quot;classic&quot;}\">\n\t\t\t\t\t\t<div class=\"elementor-container elementor-column-gap-default\">\n\t\t\t\t\t<div class=\"elementor-column elementor-col-50 elementor-inner-column elementor-element elementor-element-5d2d1419\" data-id=\"5d2d1419\" data-element_type=\"column\">\n\t\t\t<div class=\"elementor-widget-wrap elementor-element-populated\">\n\t\t\t\t\t\t<div class=\"elementor-element elementor-element-24591003 ekit-equal-height-disable elementor-widget elementor-widget-elementskit-icon-box\" data-id=\"24591003\" data-element_type=\"widget\" data-widget_type=\"elementskit-icon-box.default\">\n\t\t\t\t<div class=\"elementor-widget-container\">\n\t\t\t\t\t<div class=\"ekit-wid-con\" >        <!-- link opening -->\n                <a href=\"#\" class=\"ekit_global_links\">\n                <!-- end link opening -->\n\n        <div class=\"elementskit-infobox text-center text- icon-top-align elementor-animation-\">\n                    <div class=\"elementskit-box-header elementor-animation-\">\n                <div class=\"elementskit-info-box-icon\">\n                    <i aria-hidden=\"true\" class=\"elementkit-infobox-icon fasicon icon-light-bulb-1\"><\/i>\n                <\/div>\n          <\/div>\n                        <div class=\"box-body\">\n                            <h3 class=\"elementskit-info-box-title\">\n                    Nouvelles id\u00e9es                <\/h3>\n                                            <\/div>\n        \n        \n                <\/div>\n                <\/a>\n        <\/div>\t\t\t\t<\/div>\n\t\t\t\t<\/div>\n\t\t\t\t\t<\/div>\n\t\t<\/div>\n\t\t\t\t<div class=\"elementor-column elementor-col-50 elementor-inner-column elementor-element elementor-element-a863091\" data-id=\"a863091\" data-element_type=\"column\">\n\t\t\t<div class=\"elementor-widget-wrap elementor-element-populated\">\n\t\t\t\t\t\t<div class=\"elementor-element elementor-element-11fa163d ekit-equal-height-disable elementor-widget elementor-widget-elementskit-icon-box\" data-id=\"11fa163d\" data-element_type=\"widget\" data-widget_type=\"elementskit-icon-box.default\">\n\t\t\t\t<div class=\"elementor-widget-container\">\n\t\t\t\t\t<div class=\"ekit-wid-con\" >        <!-- link opening -->\n                <a href=\"#\" class=\"ekit_global_links\">\n                <!-- end link opening -->\n\n        <div class=\"elementskit-infobox text-center text- icon-top-align elementor-animation-\">\n                    <div class=\"elementskit-box-header elementor-animation-\">\n                <div class=\"elementskit-info-box-icon\">\n                    <i aria-hidden=\"true\" class=\"elementkit-infobox-icon fasicon icon-dart-board\"><\/i>\n                <\/div>\n          <\/div>\n                        <div class=\"box-body\">\n                            <h3 class=\"elementskit-info-box-title\">\n                    Objectifs                <\/h3>\n                                            <\/div>\n        \n        \n                <\/div>\n                <\/a>\n        <\/div>\t\t\t\t<\/div>\n\t\t\t\t<\/div>\n\t\t\t\t\t<\/div>\n\t\t<\/div>\n\t\t\t\t\t<\/div>\n\t\t<\/section>\n\t\t\t\t<section class=\"elementor-section elementor-inner-section elementor-element elementor-element-528030b8 elementor-section-boxed elementor-section-height-default elementor-section-height-default\" data-id=\"528030b8\" data-element_type=\"section\" data-settings=\"{&quot;background_background&quot;:&quot;classic&quot;}\">\n\t\t\t\t\t\t<div class=\"elementor-container elementor-column-gap-default\">\n\t\t\t\t\t<div class=\"elementor-column elementor-col-50 elementor-inner-column elementor-element elementor-element-71d936ea\" data-id=\"71d936ea\" data-element_type=\"column\">\n\t\t\t<div class=\"elementor-widget-wrap\">\n\t\t\t\t\t\t\t<\/div>\n\t\t<\/div>\n\t\t\t\t<div class=\"elementor-column elementor-col-50 elementor-inner-column elementor-element elementor-element-129d8dc5\" data-id=\"129d8dc5\" data-element_type=\"column\">\n\t\t\t<div class=\"elementor-widget-wrap\">\n\t\t\t\t\t\t\t<\/div>\n\t\t<\/div>\n\t\t\t\t\t<\/div>\n\t\t<\/section>\n\t\t\t\t<section class=\"elementor-section elementor-inner-section elementor-element elementor-element-1303ad59 elementor-section-boxed elementor-section-height-default elementor-section-height-default\" data-id=\"1303ad59\" data-element_type=\"section\" data-settings=\"{&quot;background_background&quot;:&quot;classic&quot;}\">\n\t\t\t\t\t\t<div class=\"elementor-container elementor-column-gap-default\">\n\t\t\t\t\t<div class=\"elementor-column elementor-col-100 elementor-inner-column elementor-element elementor-element-3d059eeb\" data-id=\"3d059eeb\" data-element_type=\"column\">\n\t\t\t<div class=\"elementor-widget-wrap elementor-element-populated\">\n\t\t\t\t\t\t<div class=\"elementor-element elementor-element-7728e863 elementor-align-center elementor-widget elementor-widget-elementskit-button\" data-id=\"7728e863\" data-element_type=\"widget\" data-widget_type=\"elementskit-button.default\">\n\t\t\t\t<div class=\"elementor-widget-container\">\n\t\t\t\t\t<div class=\"ekit-wid-con\" >\t\t<div class=\"ekit-btn-wraper\">\n\t\t\t\t\t\t\t<a href=\"https:\/\/adrajobscenter.org\/fr\/contact-us\/\" class=\"elementskit-btn  whitespace--normal\" id=\"\">\n\t\t\t\t\tContactez-nous<i class=\"fas fa-envelope\"><\/i>\t\t\t\t<\/a>\n\t\t\t\t\t<\/div>\n        <\/div>\t\t\t\t<\/div>\n\t\t\t\t<\/div>\n\t\t\t\t\t<\/div>\n\t\t<\/div>\n\t\t\t\t\t<\/div>\n\t\t<\/section>\n\t\t\t\t\t<\/div>\n\t\t<\/div>\n\t\t\t\t\t<\/div>\n\t\t<\/section>\n\t\t\t\t<section class=\"elementor-section elementor-top-section elementor-element elementor-element-24556fd0 elementor-section-stretched elementor-section-boxed elementor-section-height-default elementor-section-height-default\" data-id=\"24556fd0\" data-element_type=\"section\" data-settings=\"{&quot;background_background&quot;:&quot;classic&quot;,&quot;stretch_section&quot;:&quot;section-stretched&quot;}\">\n\t\t\t\t\t\t<div class=\"elementor-container elementor-column-gap-default\">\n\t\t\t\t\t<div class=\"elementor-column elementor-col-100 elementor-top-column elementor-element elementor-element-66d0dbc6\" data-id=\"66d0dbc6\" data-element_type=\"column\">\n\t\t\t<div class=\"elementor-widget-wrap elementor-element-populated\">\n\t\t\t\t\t\t<div class=\"elementor-element elementor-element-5d1bd07e elementor-widget elementor-widget-elementskit-heading\" data-id=\"5d1bd07e\" data-element_type=\"widget\" data-widget_type=\"elementskit-heading.default\">\n\t\t\t\t<div class=\"elementor-widget-container\">\n\t\t\t\t\t<div class=\"ekit-wid-con\" ><div class=\"ekit-heading elementskit-section-title-wraper center   ekit_heading_tablet-   ekit_heading_mobile-\"><h2 class=\"ekit-heading--title elementskit-section-title\">Art oratoire<\/h2><\/div><\/div>\t\t\t\t<\/div>\n\t\t\t\t<\/div>\n\t\t\t\t<div class=\"elementor-element elementor-element-5b31723c elementor-align--mobilecenter elementor-align-center elementor-widget elementor-widget-elementskit-button\" data-id=\"5b31723c\" data-element_type=\"widget\" data-widget_type=\"elementskit-button.default\">\n\t\t\t\t<div class=\"elementor-widget-container\">\n\t\t\t\t\t<div class=\"ekit-wid-con\" >\t\t<div class=\"ekit-btn-wraper\">\n\t\t\t\t\t\t\t<a href=\"https:\/\/adrajobscenter.org\/fr\/inscriptions\/\" class=\"elementskit-btn  whitespace--normal\" id=\"\">\n\t\t\t\t\tUNE INSCRIPTION\t\t\t\t<\/a>\n\t\t\t\t\t<\/div>\n        <\/div>\t\t\t\t<\/div>\n\t\t\t\t<\/div>\n\t\t\t\t\t<\/div>\n\t\t<\/div>\n\t\t\t\t\t<\/div>\n\t\t<\/section>\n\t\t\t\t<\/div>","protected":false},"excerpt":{"rendered":"<p>Parler en public Pourquoi parler en public est important\u00a0? Parler en public est comme un super pouvoir. Il ne s\u2019agit pas seulement de se tenir devant une foule et de prononcer un discours : c\u2019est une comp\u00e9tence qui impr\u00e8gne divers aspects de la vie. Que vous pr\u00e9sentiez une id\u00e9e au travail, participiez \u00e0 des r\u00e9unions ou discutiez simplement avec des amis, une communication efficace est essentielle. Parler en public vous aide \u00e0 exprimer vos pens\u00e9es [\u2026]<\/p>","protected":false},"author":1,"featured_media":0,"parent":0,"menu_order":0,"comment_status":"closed","ping_status":"closed","template":"elementor_canvas","meta":{"_monsterinsights_skip_tracking":false,"_monsterinsights_sitenote_active":false,"_monsterinsights_sitenote_note":"","_monsterinsights_sitenote_category":0,"footnotes":""},"class_list":["post-898","page","type-page","status-publish","hentry"],"aioseo_notices":[],"_links":{"self":[{"href":"https:\/\/adrajobscenter.org\/fr\/wp-json\/wp\/v2\/pages\/898","targetHints":{"allow":["GET"]}}],"collection":[{"href":"https:\/\/adrajobscenter.org\/fr\/wp-json\/wp\/v2\/pages"}],"about":[{"href":"https:\/\/adrajobscenter.org\/fr\/wp-json\/wp\/v2\/types\/page"}],"author":[{"embeddable":true,"href":"https:\/\/adrajobscenter.org\/fr\/wp-json\/wp\/v2\/users\/1"}],"replies":[{"embeddable":true,"href":"https:\/\/adrajobscenter.org\/fr\/wp-json\/wp\/v2\/comments?post=898"}],"version-history":[{"count":64,"href":"https:\/\/adrajobscenter.org\/fr\/wp-json\/wp\/v2\/pages\/898\/revisions"}],"predecessor-version":[{"id":2714,"href":"https:\/\/adrajobscenter.org\/fr\/wp-json\/wp\/v2\/pages\/898\/revisions\/2714"}],"wp:attachment":[{"href":"https:\/\/adrajobscenter.org\/fr\/wp-json\/wp\/v2\/media?parent=898"}],"curies":[{"name":"wp","href":"https:\/\/api.w.org\/{rel}","templated":true}]}}